{"id":2,"date":"2025-08-16T04:40:31","date_gmt":"2025-08-16T04:40:31","guid":{"rendered":"https:\/\/www.ecuapixel.com\/diseno-de-paginas-web\/?page_id=2"},"modified":"2025-08-20T18:12:54","modified_gmt":"2025-08-20T18:12:54","slug":"nuestra-historia-2","status":"publish","type":"page","link":"https:\/\/www.ecuapixel.com\/diseno-de-paginas-web\/nuestra-historia-2\/","title":{"rendered":"Nuestra historia"},"content":{"rendered":"\t\t<div data-elementor-type=\"wp-page\" data-elementor-id=\"2\" class=\"elementor elementor-2\" data-elementor-post-type=\"page\">\n\t\t\t\t<div class=\"elementor-element elementor-element-8984d58 e-flex e-con-boxed e-con e-parent\" data-id=\"8984d58\" data-element_type=\"container\" data-e-type=\"container\">\n\t\t\t\t\t<div class=\"e-con-inner\">\n\t\t<div class=\"elementor-element elementor-element-78282ef e-con-full e-flex e-con e-child\" data-id=\"78282ef\" data-element_type=\"container\" data-e-type=\"container\">\n\t\t\t\t<div class=\"elementor-element elementor-element-0407011 elementor-widget elementor-widget-html\" data-id=\"0407011\" data-element_type=\"widget\" data-e-type=\"widget\" data-widget_type=\"html.default\">\n\t\t\t\t<div class=\"elementor-widget-container\">\n\t\t\t\t\t<!DOCTYPE html>\r\n<html lang=\"es\">\r\n<head>\r\n<meta charset=\"UTF-8\">\r\n<meta name=\"viewport\" content=\"width=device-width, initial-scale=1.0\">\r\n<title>Nuestra Historia - Ecuapixel<\/title>\r\n<style>\r\n    \/* Reset b\u00e1sico *\/\r\n    * {\r\n        margin: 0;\r\n        padding: 0;\r\n        box-sizing: border-box;\r\n    }\r\n\r\n    body {\r\n        font-family: 'Helvetica Neue', Arial, sans-serif;\r\n        background-color: #f5f5f5;\r\n        color: #333;\r\n        line-height: 1.7;\r\n        padding: 20px;\r\n    }\r\n\r\n    .historia-container {\r\n        max-width: 900px;\r\n        margin: 40px auto;\r\n        background-color: #fff;\r\n        padding: 40px;\r\n        border-radius: 12px;\r\n        box-shadow: 0 8px 25px rgba(0,0,0,0.1);\r\n    }\r\n\r\n    .historia-container h1 {\r\n        font-size: 2.5em;\r\n        color: #1e3a8a; \/* Azul moderno *\/\r\n        margin-bottom: 20px;\r\n        text-align: center;\r\n    }\r\n\r\n    .historia-container h2 {\r\n        font-size: 1.8em;\r\n        color: #1f2937; \/* Gris oscuro *\/\r\n        margin-top: 30px;\r\n        margin-bottom: 15px;\r\n    }\r\n\r\n    .historia-container p {\r\n        font-size: 1.1em;\r\n        margin-bottom: 20px;\r\n        text-align: justify;\r\n    }\r\n\r\n    .highlight {\r\n        color: #d97706; \/* Naranja para resaltar nombres o logros *\/\r\n        font-weight: bold;\r\n    }\r\n\r\n    .quote {\r\n        font-style: italic;\r\n        background-color: #fef3c7;\r\n        border-left: 4px solid #f59e0b;\r\n        padding: 15px 20px;\r\n        margin: 25px 0;\r\n        border-radius: 8px;\r\n    }\r\n\r\n    .cta {\r\n        display: block;\r\n        width: fit-content;\r\n        margin: 30px auto 0;\r\n        padding: 12px 25px;\r\n        background-color: #1e3a8a;\r\n        color: #fff;\r\n        text-decoration: none;\r\n        font-weight: bold;\r\n        border-radius: 8px;\r\n        transition: background-color 0.3s ease;\r\n        text-align: center;\r\n    }\r\n\r\n    .cta:hover {\r\n        background-color: #2563eb;\r\n    }\r\n\r\n    @media (max-width: 600px) {\r\n        .historia-container {\r\n            padding: 25px;\r\n        }\r\n\r\n        .historia-container h1 {\r\n            font-size: 2em;\r\n        }\r\n\r\n        .historia-container h2 {\r\n            font-size: 1.5em;\r\n        }\r\n\r\n        .historia-container p {\r\n            font-size: 1em;\r\n        }\r\n    }\r\n<\/style>\r\n<\/head>\r\n<body>\r\n\r\n<div class=\"historia-container\">\r\n    <h1>Nuestra Historia<\/h1>\r\n\r\n    <p>Ecuapixel no naci\u00f3 de la nada. Su origen est\u00e1 ligado a la pasi\u00f3n por la tecnolog\u00eda, la creatividad y el firme compromiso con el buen uso de Internet.<\/p>\r\n\r\n    <p>A inicios de los 2000, <span class=\"highlight\">Carlos Villalba<\/span> \u2014fundador de Ecuapixel\u2014 cre\u00f3 <span class=\"highlight\">InfoLatino.info<\/span>, el primer portal de apoyo a inmigrantes y extranjeros en Espa\u00f1a. En aquella \u00e9poca, Internet era todav\u00eda un territorio inexplorado, lleno de foros, chats y descargas lentas que pod\u00edan tardar d\u00edas. Sin embargo, tambi\u00e9n era un espacio donde la solidaridad y la innovaci\u00f3n pod\u00edan marcar la diferencia.<\/p>\r\n\r\n    <p>Fue en ese contexto cuando Carlos, de forma inesperada, colabor\u00f3 con el <span class=\"highlight\">Departamento de Delitos Tecnol\u00f3gicos de la Polic\u00eda Espa\u00f1ola<\/span>. Mientras descargaba software desde Emule, se top\u00f3 con un archivo que no era lo que parec\u00eda: conten\u00eda material ilegal y sensible. Su r\u00e1pida reacci\u00f3n, informando de inmediato a las autoridades y entregando datos t\u00e9cnicos clave, permiti\u00f3 avanzar en una investigaci\u00f3n internacional que culmin\u00f3 con la desarticulaci\u00f3n de una red de pornograf\u00eda infantil, bajo la direcci\u00f3n del juez Baltasar Garz\u00f3n.<\/p>\r\n\r\n    <div class=\"quote\">\r\n        \u201cGracias a su acci\u00f3n, se desmantel\u00f3 una red internacional, mostrando que la tecnolog\u00eda tambi\u00e9n puede proteger vidas.\u201d\r\n    <\/div>\r\n\r\n    <p>Esa experiencia marc\u00f3 un antes y un despu\u00e9s: la tecnolog\u00eda deb\u00eda ser usada para crear, construir y proteger. Desde entonces, Carlos ha mantenido esa filosof\u00eda en todos sus proyectos.<\/p>\r\n\r\n    <p>Hoy, desde <span class=\"highlight\">Tena, en el coraz\u00f3n de la Amazon\u00eda ecuatoriana<\/span>, Ecuapixel retoma ese camino: el dise\u00f1o web, la multimedia y la comunicaci\u00f3n digital como herramientas para ayudar a personas, negocios y comunidades a crecer, mostrando lo mejor de s\u00ed mismos en el mundo digital.<\/p>\r\n\r\n    <a class=\"cta\" href=\"https:\/\/www.ecuapixel.com\">Descubre m\u00e1s sobre Ecuapixel<\/a>\r\n<\/div>\r\n\r\n<\/body>\r\n<\/html>\r\n\t\t\t\t<\/div>\n\t\t\t\t<\/div>\n\t\t\t\t<\/div>\n\t\t\t\t\t<\/div>\n\t\t\t\t<\/div>\n\t\t\t\t<\/div>\n\t\t","protected":false},"excerpt":{"rendered":"<p>Nuestra Historia &#8211; Ecuapixel Nuestra Historia Ecuapixel no naci\u00f3 de la nada. Su origen est\u00e1 ligado a la pasi\u00f3n por la tecnolog\u00eda, la creatividad y el firme compromiso con el buen uso de Internet. A inicios de los 2000, Carlos Villalba \u2014fundador de Ecuapixel\u2014 cre\u00f3 InfoLatino.info, el primer portal de apoyo a inmigrantes y extranjeros [&hellip;]<\/p>\n","protected":false},"author":1,"featured_media":0,"parent":0,"menu_order":0,"comment_status":"closed","ping_status":"closed","template":"","meta":{"site-sidebar-layout":"no-sidebar","site-content-layout":"page-builder","ast-site-content-layout":"full-width-container","site-content-style":"default","site-sidebar-style":"default","ast-global-header-display":"","ast-banner-title-visibility":"","ast-main-header-display":"","ast-hfb-above-header-display":"","ast-hfb-below-header-display":"","ast-hfb-mobile-header-display":"","site-post-title":"disabled","ast-breadcrumbs-content":"","ast-featured-img":"disabled","footer-sml-layout":"","ast-disable-related-posts":"","theme-transparent-header-meta":"","adv-header-id-meta":"","stick-header-meta":"","header-above-stick-meta":"","header-main-stick-meta":"","header-below-stick-meta":"","astra-migrate-meta-layouts":"set","ast-page-background-enabled":"default","ast-page-background-meta":{"desktop":{"background-color":"","background-image":"","background-repeat":"repeat","background-position":"center center","background-size":"auto","background-attachment":"scroll","background-type":"","background-media":"","overlay-type":"","overlay-color":"","overlay-opacity":"","overlay-gradient":""},"tablet":{"background-color":"","background-image":"","background-repeat":"repeat","background-position":"center center","background-size":"auto","background-attachment":"scroll","background-type":"","background-media":"","overlay-type":"","overlay-color":"","overlay-opacity":"","overlay-gradient":""},"mobile":{"background-color":"","background-image":"","background-repeat":"repeat","background-position":"center center","background-size":"auto","background-attachment":"scroll","background-type":"","background-media":"","overlay-type":"","overlay-color":"","overlay-opacity":"","overlay-gradient":""}},"ast-content-background-meta":{"desktop":{"background-color":"var(--ast-global-color-5)","background-image":"","background-repeat":"repeat","background-position":"center center","background-size":"auto","background-attachment":"scroll","background-type":"","background-media":"","overlay-type":"","overlay-color":"","overlay-opacity":"","overlay-gradient":""},"tablet":{"background-color":"var(--ast-global-color-5)","background-image":"","background-repeat":"repeat","background-position":"center center","background-size":"auto","background-attachment":"scroll","background-type":"","background-media":"","overlay-type":"","overlay-color":"","overlay-opacity":"","overlay-gradient":""},"mobile":{"background-color":"var(--ast-global-color-5)","background-image":"","background-repeat":"repeat","background-position":"center center","background-size":"auto","background-attachment":"scroll","background-type":"","background-media":"","overlay-type":"","overlay-color":"","overlay-opacity":"","overlay-gradient":""}},"footnotes":""},"class_list":["post-2","page","type-page","status-publish","hentry"],"_links":{"self":[{"href":"https:\/\/www.ecuapixel.com\/diseno-de-paginas-web\/wp-json\/wp\/v2\/pages\/2","targetHints":{"allow":["GET"]}}],"collection":[{"href":"https:\/\/www.ecuapixel.com\/diseno-de-paginas-web\/wp-json\/wp\/v2\/pages"}],"about":[{"href":"https:\/\/www.ecuapixel.com\/diseno-de-paginas-web\/wp-json\/wp\/v2\/types\/page"}],"author":[{"embeddable":true,"href":"https:\/\/www.ecuapixel.com\/diseno-de-paginas-web\/wp-json\/wp\/v2\/users\/1"}],"replies":[{"embeddable":true,"href":"https:\/\/www.ecuapixel.com\/diseno-de-paginas-web\/wp-json\/wp\/v2\/comments?post=2"}],"version-history":[{"count":12,"href":"https:\/\/www.ecuapixel.com\/diseno-de-paginas-web\/wp-json\/wp\/v2\/pages\/2\/revisions"}],"predecessor-version":[{"id":3206,"href":"https:\/\/www.ecuapixel.com\/diseno-de-paginas-web\/wp-json\/wp\/v2\/pages\/2\/revisions\/3206"}],"wp:attachment":[{"href":"https:\/\/www.ecuapixel.com\/diseno-de-paginas-web\/wp-json\/wp\/v2\/media?parent=2"}],"curies":[{"name":"wp","href":"https:\/\/api.w.org\/{rel}","templated":true}]}}